{"id":640,"date":"2023-06-12T05:16:40","date_gmt":"2023-06-12T03:16:40","guid":{"rendered":"https:\/\/dinmaklare.net\/?page_id=640"},"modified":"2023-10-11T11:08:01","modified_gmt":"2023-10-11T09:08:01","slug":"att-kopa-med-mig","status":"publish","type":"page","link":"https:\/\/dinmaklare.net\/en_us\/att-kopa-med-mig\/","title":{"rendered":"Att k\u00f6pa med mig"},"content":{"rendered":"\t\t<div data-elementor-type=\"wp-page\" data-elementor-id=\"640\" class=\"elementor elementor-640\" data-elementor-post-type=\"page\">\n\t\t\t\t\t\t<section class=\"elementor-section elementor-top-section elementor-element elementor-element-145e3f75 elementor-section-height-min-height elementor-section-boxed elementor-section-height-default elementor-section-items-middle\" data-id=\"145e3f75\" data-element_type=\"section\" data-e-type=\"section\" data-settings=\"{&quot;background_background&quot;:&quot;classic&quot;,&quot;jet_parallax_layout_list&quot;:[]}\">\n\t\t\t\t\t\t<div class=\"elementor-container elementor-column-gap-default\">\n\t\t\t\t\t<div class=\"elementor-column elementor-col-100 elementor-top-column elementor-element elementor-element-4d4152\" data-id=\"4d4152\" data-element_type=\"column\" data-e-type=\"column\">\n\t\t\t<div class=\"elementor-widget-wrap elementor-element-populated\">\n\t\t\t\t\t\t<div class=\"elementor-element elementor-element-46c63718 elementor-widget elementor-widget-heading\" data-id=\"46c63718\" data-element_type=\"widget\" data-e-type=\"widget\" data-widget_type=\"heading.default\">\n\t\t\t\t<div class=\"elementor-widget-container\">\n\t\t\t\t\t<h1 class=\"elementor-heading-title elementor-size-default\">Att k\u00f6pa med mig<\/h1>\t\t\t\t<\/div>\n\t\t\t\t<\/div>\n\t\t\t\t\t<\/div>\n\t\t<\/div>\n\t\t\t\t\t<\/div>\n\t\t<\/section>\n\t\t\t\t<section class=\"elementor-section elementor-top-section elementor-element elementor-element-4f1cde41 elementor-section-boxed elementor-section-height-default elementor-section-height-default\" data-id=\"4f1cde41\" data-element_type=\"section\" data-e-type=\"section\" data-settings=\"{&quot;jet_parallax_layout_list&quot;:[]}\">\n\t\t\t\t\t\t<div class=\"elementor-container elementor-column-gap-default\">\n\t\t\t\t\t<div class=\"elementor-column elementor-col-100 elementor-top-column elementor-element elementor-element-5e9651bc\" data-id=\"5e9651bc\" data-element_type=\"column\" data-e-type=\"column\">\n\t\t\t<div class=\"elementor-widget-wrap elementor-element-populated\">\n\t\t\t\t\t\t<div class=\"elementor-element elementor-element-1424dd0d uael-howto-image-align-right elementor-widget elementor-widget-uael-how-to\" data-id=\"1424dd0d\" data-element_type=\"widget\" data-e-type=\"widget\" data-widget_type=\"uael-how-to.default\">\n\t\t\t\t<div class=\"elementor-widget-container\">\n\t\t\t\t\t\n\t\t<div class=\"uael-howto-wrapper\">\n\t\t\t<div class=\"uael-howto-title\">\n\t\t\t\t<h3 class=\"uael-howto-title-text\">Att k\u00f6pa bostad<\/h3>\t\t\t<\/div>\n\t\t\t<div class=\"uael-howto-description\">\n\t\t\t\t<span class=\"uael-howto-desc-text\"><p><strong>Vad ska vi v\u00e4lja?<\/strong><\/p><\/span>\n\t\t\t<\/div>\n\t\t\t\t\t\t\t\t\t\t\t\t\t\t\t<div class=\"uael-howto-steps\">\n\t\t\t\t<h4 class=\"uael-howto-steps-text\"><\/h4>\n\t\t\t\t<div class=\"uael-howto-steps-wrapper\">\n\t\t\t\t\t\t\t\t\t\t\t\t\t\t\t\t\t<div class=\"uael-howto-step-item uael-step-0 uael-step-has-image\">\n\n\t\t\t\t\t\t\t<div class=\"uael-howto-step-item-wrap\">\n\t\t\t\t\t\t\t\t<div class=\"uael-howto-steps-title\">\n\t\t\t\t\t\t\t\t\t\t\t\t\t\t\t\t\t\t\t<span><\/span>\n\t\t\t\t\t\t\t\t\t\t\t\t\t\t\t\t\t<\/div>\n\t\t\t\t\t\t\t\t<div class=\"uael-howto-steps-desc\"><span>Att byta bostad inneb\u00e4r m\u00e5nga funderingar och beslut. Hur och var vill du bo och till vilket pris. Det viktiga \u00e4r att du tar dig tid och funderar p\u00e5 vad som passar dig b\u00e4st. En kombination av k\u00e4nsla och f\u00f6rnuft \u00e4r ofta en bra utg\u00e5ngspunkt f\u00f6r ett beslut.<br><br>\nJag som m\u00e4klare ser till att du inte faller i n\u00e5gra gropar p\u00e5 v\u00e4gen. Jag finns till f\u00f6r att hj\u00e4lpa dig. Du har s\u00e4kert m\u00e5nga fr\u00e5gor som beh\u00f6ver svar. <br><br>\nMen f\u00f6rst beh\u00f6ver du fundera p\u00e5 hur du vill att ditt nya boende ska se ut, vilka behov du har, vad du har r\u00e5d med och hur utbudet ser ut just nu. \u00c4r det k\u00f6parens eller s\u00e4ljarens marknad? <br><br>\nJag f\u00f6rmedlar allt fr\u00e5n bostadsr\u00e4tter, villor, radhus, till fritidshus, g\u00e5rdar och tomter. <br><br>\nJag har en rej\u00e4l dos av b\u00e5de lokalk\u00e4nnedom samt ett stort kontaktn\u00e4t i kommunen. Du ska k\u00e4nna att jag med stort engagemang hj\u00e4lper dig att hitta r\u00e4tt bostad. Du ska k\u00e4nna dig trygg och som kund \u00e4r du alltid i centrum f\u00f6r mig. Det har varit ett motto f\u00f6r mig i hela mitt yrkesliv. \n<\/span><\/div>\n\t\t\t\t\t\t\t<\/div>\n\t\t\t\t\t\t\t\t\t\t\t\t\t\t\t<div class=\"uael-howto-step-image-wrap\">\n\t\t\t\t\t\t\t\t\t<img decoding=\"async\" class=\"uael-howto-step-image\" src=\"https:\/\/dinmaklare.net\/wp-content\/uploads\/2023\/06\/buy-bostad.jpg\" alt=\"buy-bostad\" title=\"buy-bostad\" \/>\n\t\t\t\t\t\t\t\t<\/div>\n\t\t\t\t\t\t\t\t\t\t\t\t\t<\/div>\n\t\t\t\t\t\t\t\t\t\t\t\t\t\t\t\t\t<div class=\"uael-howto-step-item uael-step-1 \">\n\n\t\t\t\t\t\t\t<div class=\"uael-howto-step-item-wrap\">\n\t\t\t\t\t\t\t\t<div class=\"uael-howto-steps-title\">\n\t\t\t\t\t\t\t\t\t\t\t\t\t\t\t\t\t\t\t<span>1. Visningen<\/span>\n\t\t\t\t\t\t\t\t\t\t\t\t\t\t\t\t\t<\/div>\n\t\t\t\t\t\t\t\t<div class=\"uael-howto-steps-desc\"><span>Jag har personliga och bokade visningar. D\u00e5 kan ni i lugn och ro g\u00e5 igenom bostaden i den takt ni \u00f6nskar, k\u00e4nna er v\u00e4l omh\u00e4ndertagna samt st\u00e4lla fr\u00e5gor till mig. \nJag v\u00e4rnar om s\u00e4ljarens integritet och bokar d\u00e4rf\u00f6r visningar med namn och telefonnummer. \n<\/span><\/div>\n\t\t\t\t\t\t\t<\/div>\n\t\t\t\t\t\t\t\t\t\t\t\t\t<\/div>\n\t\t\t\t\t\t\t\t\t\t\t\t\t\t\t\t\t<div class=\"uael-howto-step-item uael-step-2 \">\n\n\t\t\t\t\t\t\t<div class=\"uael-howto-step-item-wrap\">\n\t\t\t\t\t\t\t\t<div class=\"uael-howto-steps-title\">\n\t\t\t\t\t\t\t\t\t\t\t\t\t\t\t\t\t\t\t<span>2. Objektbeskrivning<\/span>\n\t\t\t\t\t\t\t\t\t\t\t\t\t\t\t\t\t<\/div>\n\t\t\t\t\t\t\t\t<div class=\"uael-howto-steps-desc\"><span>F\u00f6r att du som k\u00f6pare ska kunna f\u00e5 en snabb och korrekt uppfattning om ett intressant objekt har jag tillsammans med s\u00e4ljaren sammanst\u00e4llt en objektbeskrivning. I den tas alla viktiga fakta upp som r\u00f6r fastigheten eller bostadsr\u00e4tten. Objektbeskrivningen inneh\u00e5ller i stort sett allt som kan t\u00e4nkas vara intressant f\u00f6r dig som k\u00f6pare. \n<br><br>\nAlla uppgifter ska fastighetsm\u00e4klaren ha kontrollerat hos myndighet, banker och bostadsr\u00e4ttsf\u00f6reningar etc.<\/span><\/div>\n\t\t\t\t\t\t\t<\/div>\n\t\t\t\t\t\t\t\t\t\t\t\t\t<\/div>\n\t\t\t\t\t\t\t\t\t\t\t\t\t\t\t\t\t<div class=\"uael-howto-step-item uael-step-3 \">\n\n\t\t\t\t\t\t\t<div class=\"uael-howto-step-item-wrap\">\n\t\t\t\t\t\t\t\t<div class=\"uael-howto-steps-title\">\n\t\t\t\t\t\t\t\t\t\t\t\t\t\t\t\t\t\t\t<span>3. Finansiering<\/span>\n\t\t\t\t\t\t\t\t\t\t\t\t\t\t\t\t\t<\/div>\n\t\t\t\t\t\t\t\t<div class=\"uael-howto-steps-desc\"><span>Har du fr\u00e5gor om din finansiering och har fr\u00e5gor kring bol\u00e5n, r\u00e4ntor och amorteringar? D\u00e5 rekommenderar jag dig att du tar kontakt med din bank. De kan hj\u00e4lpa dig s\u00e5 du \u00e4r v\u00e4l insatt inf\u00f6r finansiering och ev. budgivningar. Se till att du har ett l\u00e5nel\u00f6fte. Vid k\u00f6p av en fastighet tillkommer kostnader f\u00f6r lagfart och nya pantbrev. Lagfartskostnaden \u00e4r 1,5 % av k\u00f6peskillingen och pantbrevskostnaden \u00e4r 2 % av det nya pantbrevsbeloppet. <\/span><\/div>\n\t\t\t\t\t\t\t<\/div>\n\t\t\t\t\t\t\t\t\t\t\t\t\t<\/div>\n\t\t\t\t\t\t\t\t\t\t\t\t\t\t\t\t\t<div class=\"uael-howto-step-item uael-step-4 \">\n\n\t\t\t\t\t\t\t<div class=\"uael-howto-step-item-wrap\">\n\t\t\t\t\t\t\t\t<div class=\"uael-howto-steps-title\">\n\t\t\t\t\t\t\t\t\t\t\t\t\t\t\t\t\t\t\t<span>4. Budgivning<\/span>\n\t\t\t\t\t\t\t\t\t\t\t\t\t\t\t\t\t<\/div>\n\t\t\t\t\t\t\t\t<div class=\"uael-howto-steps-desc\"><span>En budgivning kan uppst\u00e5 n\u00e4r flera spekulanter \u00e4r intresserade. Jag anv\u00e4nder mig av \u00f6ppen budgivning, den vanligaste varianten. Det inneb\u00e4r att spekulanterna l\u00e4mnar sina bud till mig och jag redovisar l\u00f6pande det h\u00f6gsta budet till s\u00e4ljaren och \u00f6vriga budgivare. <br>\nEfter avslutad budgivning l\u00e4mnas budgivningslistan med namn, telefonnummer, bud och tidpunkt till k\u00f6pare och s\u00e4ljare. <br>\nOm n\u00e5gon l\u00e4mnar ett bud efter avslutad budgivning men innan k\u00f6pekontrakt undertecknas \u00e4r jag som m\u00e4klare skyldig att framf\u00f6ra detta bud till s\u00e4ljaren som f\u00e5r ta st\u00e4llning till om budet ska beaktas. <br>\nS\u00e4ljaren har fri pr\u00f6vningsr\u00e4tt och beh\u00f6ver inte s\u00e4lja till den som lagt det h\u00f6gsta budet. Det \u00e4r s\u00e4ljaren som best\u00e4mmer till vem hen vill s\u00e4lja och till vilket pris. \n<\/span><\/div>\n\t\t\t\t\t\t\t<\/div>\n\t\t\t\t\t\t\t\t\t\t\t\t\t<\/div>\n\t\t\t\t\t\t\t\t\t\t\t\t\t\t\t\t\t<div class=\"uael-howto-step-item uael-step-5 \">\n\n\t\t\t\t\t\t\t<div class=\"uael-howto-step-item-wrap\">\n\t\t\t\t\t\t\t\t<div class=\"uael-howto-steps-title\">\n\t\t\t\t\t\t\t\t\t\t\t\t\t\t\t\t\t\t\t<span>5. Unders\u00f6kningsplikt<\/span>\n\t\t\t\t\t\t\t\t\t\t\t\t\t\t\t\t\t<\/div>\n\t\t\t\t\t\t\t\t<div class=\"uael-howto-steps-desc\"><span>K\u00f6parens unders\u00f6kningsplikt inneb\u00e4r att k\u00f6paren ska utf\u00f6ra en s\u00e5dan unders\u00f6kning som \u00e4r \u201dp\u00e5kallad med h\u00e4nsyn till bostadens skick och omst\u00e4ndigheterna vid k\u00f6pet\u201d. Tanken \u00e4r att bostaden s\u00e4ljs i befintligt skick och att k\u00f6paren ska ta reda p\u00e5 bostadens fysiska skick. S\u00e4ljaren \u00e4r aldrig ansvarig f\u00f6r fel som kunde ha uppt\u00e4ckts vid en unders\u00f6kning. Idag ska alla fastigheter vara energideklarerade. N\u00e4r det g\u00e4ller bostadsr\u00e4tter \u00e4r det viktigt att g\u00e5 igenom f\u00f6reningens ekonomi. \nBesiktningsprotokoll, energiprotokoll och f\u00f6reningens ekonomi \u00e4r handlingar du erh\u00e5ller av mig vid visningen.  \n<\/span><\/div>\n\t\t\t\t\t\t\t<\/div>\n\t\t\t\t\t\t\t\t\t\t\t\t\t<\/div>\n\t\t\t\t\t\t\t\t\t\t\t\t\t\t\t\t\t<div class=\"uael-howto-step-item uael-step-6 \">\n\n\t\t\t\t\t\t\t<div class=\"uael-howto-step-item-wrap\">\n\t\t\t\t\t\t\t\t<div class=\"uael-howto-steps-title\">\n\t\t\t\t\t\t\t\t\t\t\t\t\t\t\t\t\t\t\t<span>6. Kontrakt<\/span>\n\t\t\t\t\t\t\t\t\t\t\t\t\t\t\t\t\t<\/div>\n\t\t\t\t\t\t\t\t<div class=\"uael-howto-steps-desc\"><span>Varken s\u00e4ljare eller k\u00f6pare \u00e4r bundna f\u00f6rr\u00e4n ett k\u00f6pekontrakt uppr\u00e4ttats och \u00e4r undertecknat av parterna. \nJag g\u00f6r iordning alla handlingar och g\u00e5r igenom kontraktet med s\u00e4ljare och k\u00f6pare. I kontraktet dokumenteras alla \u00f6verenskommelser. Det \u00e4r viktigt att skriva ner allt som ing\u00e5r i ett bostadsk\u00f6p f\u00f6r att slippa framtida problem. \nVid k\u00f6pekontraktet betalas en handpenning som i regel \u00e4r 10% av k\u00f6peskillingen. Vid detta tillf\u00e4lle erbjuds k\u00f6paren en kalkyl som grundas p\u00e5 k\u00f6parens ekonomiska f\u00f6rh\u00e5llanden.\n<br><br>\nMellan kontraktsdag och tilltr\u00e4desdag sk\u00f6ter jag alla kontakter med myndigheter och banken. <\/span><\/div>\n\t\t\t\t\t\t\t<\/div>\n\t\t\t\t\t\t\t\t\t\t\t\t\t<\/div>\n\t\t\t\t\t\t\t\t\t\t\t\t\t\t\t\t\t<div class=\"uael-howto-step-item uael-step-7 \">\n\n\t\t\t\t\t\t\t<div class=\"uael-howto-step-item-wrap\">\n\t\t\t\t\t\t\t\t<div class=\"uael-howto-steps-title\">\n\t\t\t\t\t\t\t\t\t\t\t\t\t\t\t\t\t\t\t<span>7. Tilltr\u00e4de<\/span>\n\t\t\t\t\t\t\t\t\t\t\t\t\t\t\t\t\t<\/div>\n\t\t\t\t\t\t\t\t<div class=\"uael-howto-steps-desc\"><span>Tilltr\u00e4det sker p\u00e5 mitt kontor eller p\u00e5 k\u00f6parens bank. Jag meddelar er i god tid. \nP\u00e5 tilltr\u00e4desdagen betalas resterande av k\u00f6peskillingen. \n<br>\n<b>Andra saker du ska t\u00e4nka p\u00e5 \u00e4r:<\/b><br>\n\u2022 Kontakta leverant\u00f6rer av el, vatten och avlopp, soph\u00e4mtning, f\u00f6rs\u00e4kringsbolag etc<br>\n\u2022 Anm\u00e4l adress\u00e4ndring<br>\n\u2022 Teckna en hem-villaf\u00f6rs\u00e4kring\n<\/span><\/div>\n\t\t\t\t\t\t\t<\/div>\n\t\t\t\t\t\t\t\t\t\t\t\t\t<\/div>\n\t\t\t\t\t\t\t\t\t\t\t\t\t\t\t\t\t<div class=\"uael-howto-step-item uael-step-8 \">\n\n\t\t\t\t\t\t\t<div class=\"uael-howto-step-item-wrap\">\n\t\t\t\t\t\t\t\t<div class=\"uael-howto-steps-title\">\n\t\t\t\t\t\t\t\t\t\t\t\t\t\t\t\t\t\t\t<span>L\u00e4nkar<\/span>\n\t\t\t\t\t\t\t\t\t\t\t\t\t\t\t\t\t<\/div>\n\t\t\t\t\t\t\t\t<div class=\"uael-howto-steps-desc\"><span>\u2022 <a href=\"http:\/\/www.maklarsamfundet.se\" target=\"_blank\" rel=\"noopener\">www.maklarsamfundet.se<\/a><br>\n\u2022 <a href=\"http:\/\/www.hemnet.se\" target=\"_blank\" rel=\"noopener\">www.hemnet.se<\/a><br>\n\u2022 <a href=\"http:\/\/www.adressandring.se\" target=\"_blank\" rel=\"noopener\">www.adressandring.se<\/a><\/span><\/div>\n\t\t\t\t\t\t\t<\/div>\n\t\t\t\t\t\t\t\t\t\t\t\t\t<\/div>\n\t\t\t\t\t\t\t\t\t<\/div>\n\t\t\t<\/div>\n\t\t\t\t\t\t<script type=\"application\/ld+json\">\n\t\t\t\t{\n\t\t\t\t\"@context\": \"http:\/\/schema.org\",\n\t\t\t\t\"@type\": \"HowTo\",\n\t\t\t\t\"name\": \"Att k\u00f6pa bostad\",\n\t\t\t\t\"description\": \"&lt;p&gt;&lt;strong&gt;Vad ska vi v\u00e4lja?&lt;\/strong&gt;&lt;\/p&gt;\",\n\t\t\t\t\t\t\t\t\t\t\t\t\t\t\t\t\t\t\t\t\t\t\t\t\"step\":\n\t\t\t\t\t[{\"@type\":\"HowToStep\",\"url\":\"https:\\\/\\\/dinmaklare.net\\\/en_us\\\/att-kopa-med-mig\\\/\",\"name\":\"\",\"text\":\"Att byta bostad inneb\\u00e4r m\\u00e5nga funderingar och beslut. Hur och var vill du bo och till vilket pris. Det viktiga \\u00e4r att du tar dig tid och funderar p\\u00e5 vad som passar dig b\\u00e4st. En kombination av k\\u00e4nsla och f\\u00f6rnuft \\u00e4r ofta en bra utg\\u00e5ngspunkt f\\u00f6r ett beslut.<br><br>\\nJag som m\\u00e4klare ser till att du inte faller i n\\u00e5gra gropar p\\u00e5 v\\u00e4gen. Jag finns till f\\u00f6r att hj\\u00e4lpa dig. Du har s\\u00e4kert m\\u00e5nga fr\\u00e5gor som beh\\u00f6ver svar. <br><br>\\nMen f\\u00f6rst beh\\u00f6ver du fundera p\\u00e5 hur du vill att ditt nya boende ska se ut, vilka behov du har, vad du har r\\u00e5d med och hur utbudet ser ut just nu. \\u00c4r det k\\u00f6parens eller s\\u00e4ljarens marknad? <br><br>\\nJag f\\u00f6rmedlar allt fr\\u00e5n bostadsr\\u00e4tter, villor, radhus, till fritidshus, g\\u00e5rdar och tomter. <br><br>\\nJag har en rej\\u00e4l dos av b\\u00e5de lokalk\\u00e4nnedom samt ett stort kontaktn\\u00e4t i kommunen. Du ska k\\u00e4nna att jag med stort engagemang hj\\u00e4lper dig att hitta r\\u00e4tt bostad. Du ska k\\u00e4nna dig trygg och som kund \\u00e4r du alltid i centrum f\\u00f6r mig. Det har varit ett motto f\\u00f6r mig i hela mitt yrkesliv. \\n\",\"image\":\"https:\\\/\\\/dinmaklare.net\\\/wp-content\\\/uploads\\\/2023\\\/06\\\/buy-bostad.jpg\"},{\"@type\":\"HowToStep\",\"url\":\"https:\\\/\\\/dinmaklare.net\\\/en_us\\\/att-kopa-med-mig\\\/\",\"name\":\"1. Visningen\",\"text\":\"Jag har personliga och bokade visningar. D\\u00e5 kan ni i lugn och ro g\\u00e5 igenom bostaden i den takt ni \\u00f6nskar, k\\u00e4nna er v\\u00e4l omh\\u00e4ndertagna samt st\\u00e4lla fr\\u00e5gor till mig. \\nJag v\\u00e4rnar om s\\u00e4ljarens integritet och bokar d\\u00e4rf\\u00f6r visningar med namn och telefonnummer. \\n\",\"image\":\"\"},{\"@type\":\"HowToStep\",\"url\":\"https:\\\/\\\/dinmaklare.net\\\/en_us\\\/att-kopa-med-mig\\\/\",\"name\":\"2. Objektbeskrivning\",\"text\":\"F\\u00f6r att du som k\\u00f6pare ska kunna f\\u00e5 en snabb och korrekt uppfattning om ett intressant objekt har jag tillsammans med s\\u00e4ljaren sammanst\\u00e4llt en objektbeskrivning. I den tas alla viktiga fakta upp som r\\u00f6r fastigheten eller bostadsr\\u00e4tten. Objektbeskrivningen inneh\\u00e5ller i stort sett allt som kan t\\u00e4nkas vara intressant f\\u00f6r dig som k\\u00f6pare. \\n<br><br>\\nAlla uppgifter ska fastighetsm\\u00e4klaren ha kontrollerat hos myndighet, banker och bostadsr\\u00e4ttsf\\u00f6reningar etc.\",\"image\":\"\"},{\"@type\":\"HowToStep\",\"url\":\"https:\\\/\\\/dinmaklare.net\\\/en_us\\\/att-kopa-med-mig\\\/\",\"name\":\"3. Finansiering\",\"text\":\"Har du fr\\u00e5gor om din finansiering och har fr\\u00e5gor kring bol\\u00e5n, r\\u00e4ntor och amorteringar? D\\u00e5 rekommenderar jag dig att du tar kontakt med din bank. De kan hj\\u00e4lpa dig s\\u00e5 du \\u00e4r v\\u00e4l insatt inf\\u00f6r finansiering och ev. budgivningar. Se till att du har ett l\\u00e5nel\\u00f6fte. Vid k\\u00f6p av en fastighet tillkommer kostnader f\\u00f6r lagfart och nya pantbrev. Lagfartskostnaden \\u00e4r 1,5 % av k\\u00f6peskillingen och pantbrevskostnaden \\u00e4r 2 % av det nya pantbrevsbeloppet. \",\"image\":\"\"},{\"@type\":\"HowToStep\",\"url\":\"https:\\\/\\\/dinmaklare.net\\\/en_us\\\/att-kopa-med-mig\\\/\",\"name\":\"4. Budgivning\",\"text\":\"En budgivning kan uppst\\u00e5 n\\u00e4r flera spekulanter \\u00e4r intresserade. Jag anv\\u00e4nder mig av \\u00f6ppen budgivning, den vanligaste varianten. Det inneb\\u00e4r att spekulanterna l\\u00e4mnar sina bud till mig och jag redovisar l\\u00f6pande det h\\u00f6gsta budet till s\\u00e4ljaren och \\u00f6vriga budgivare. <br>\\nEfter avslutad budgivning l\\u00e4mnas budgivningslistan med namn, telefonnummer, bud och tidpunkt till k\\u00f6pare och s\\u00e4ljare. <br>\\nOm n\\u00e5gon l\\u00e4mnar ett bud efter avslutad budgivning men innan k\\u00f6pekontrakt undertecknas \\u00e4r jag som m\\u00e4klare skyldig att framf\\u00f6ra detta bud till s\\u00e4ljaren som f\\u00e5r ta st\\u00e4llning till om budet ska beaktas. <br>\\nS\\u00e4ljaren har fri pr\\u00f6vningsr\\u00e4tt och beh\\u00f6ver inte s\\u00e4lja till den som lagt det h\\u00f6gsta budet. Det \\u00e4r s\\u00e4ljaren som best\\u00e4mmer till vem hen vill s\\u00e4lja och till vilket pris. \\n\",\"image\":\"\"},{\"@type\":\"HowToStep\",\"url\":\"https:\\\/\\\/dinmaklare.net\\\/en_us\\\/att-kopa-med-mig\\\/\",\"name\":\"5. Unders\\u00f6kningsplikt\",\"text\":\"K\\u00f6parens unders\\u00f6kningsplikt inneb\\u00e4r att k\\u00f6paren ska utf\\u00f6ra en s\\u00e5dan unders\\u00f6kning som \\u00e4r \\u201dp\\u00e5kallad med h\\u00e4nsyn till bostadens skick och omst\\u00e4ndigheterna vid k\\u00f6pet\\u201d. Tanken \\u00e4r att bostaden s\\u00e4ljs i befintligt skick och att k\\u00f6paren ska ta reda p\\u00e5 bostadens fysiska skick. S\\u00e4ljaren \\u00e4r aldrig ansvarig f\\u00f6r fel som kunde ha uppt\\u00e4ckts vid en unders\\u00f6kning. Idag ska alla fastigheter vara energideklarerade. N\\u00e4r det g\\u00e4ller bostadsr\\u00e4tter \\u00e4r det viktigt att g\\u00e5 igenom f\\u00f6reningens ekonomi. \\nBesiktningsprotokoll, energiprotokoll och f\\u00f6reningens ekonomi \\u00e4r handlingar du erh\\u00e5ller av mig vid visningen.  \\n\",\"image\":\"\"},{\"@type\":\"HowToStep\",\"url\":\"https:\\\/\\\/dinmaklare.net\\\/en_us\\\/att-kopa-med-mig\\\/\",\"name\":\"6. Kontrakt\",\"text\":\"Varken s\\u00e4ljare eller k\\u00f6pare \\u00e4r bundna f\\u00f6rr\\u00e4n ett k\\u00f6pekontrakt uppr\\u00e4ttats och \\u00e4r undertecknat av parterna. \\nJag g\\u00f6r iordning alla handlingar och g\\u00e5r igenom kontraktet med s\\u00e4ljare och k\\u00f6pare. I kontraktet dokumenteras alla \\u00f6verenskommelser. Det \\u00e4r viktigt att skriva ner allt som ing\\u00e5r i ett bostadsk\\u00f6p f\\u00f6r att slippa framtida problem. \\nVid k\\u00f6pekontraktet betalas en handpenning som i regel \\u00e4r 10% av k\\u00f6peskillingen. Vid detta tillf\\u00e4lle erbjuds k\\u00f6paren en kalkyl som grundas p\\u00e5 k\\u00f6parens ekonomiska f\\u00f6rh\\u00e5llanden.\\n<br><br>\\nMellan kontraktsdag och tilltr\\u00e4desdag sk\\u00f6ter jag alla kontakter med myndigheter och banken. \",\"image\":\"\"},{\"@type\":\"HowToStep\",\"url\":\"https:\\\/\\\/dinmaklare.net\\\/en_us\\\/att-kopa-med-mig\\\/\",\"name\":\"7. Tilltr\\u00e4de\",\"text\":\"Tilltr\\u00e4det sker p\\u00e5 mitt kontor eller p\\u00e5 k\\u00f6parens bank. Jag meddelar er i god tid. \\nP\\u00e5 tilltr\\u00e4desdagen betalas resterande av k\\u00f6peskillingen. \\n<br>\\n<b>Andra saker du ska t\\u00e4nka p\\u00e5 \\u00e4r:<\\\/b><br>\\n\\u2022 Kontakta leverant\\u00f6rer av el, vatten och avlopp, soph\\u00e4mtning, f\\u00f6rs\\u00e4kringsbolag etc<br>\\n\\u2022 Anm\\u00e4l adress\\u00e4ndring<br>\\n\\u2022 Teckna en hem-villaf\\u00f6rs\\u00e4kring\\n\",\"image\":\"\"},{\"@type\":\"HowToStep\",\"url\":\"https:\\\/\\\/dinmaklare.net\\\/en_us\\\/att-kopa-med-mig\\\/\",\"name\":\"L\\u00e4nkar\",\"text\":\"\\u2022 <a href=\\\"http:\\\/\\\/www.maklarsamfundet.se\\\">www.maklarsamfundet.se<\\\/a><br>\\n\\u2022 <a href=\\\"http:\\\/\\\/www.hemnet.se\\\">www.hemnet.se<\\\/a><br>\\n\\u2022 <a href=\\\"http:\\\/\\\/www.adressandring.se\\\">www.adressandring.se<\\\/a>\",\"image\":\"\"}]\t\t\t\t\n\t\t\t\t\n\n\t\t\t}\n\t\t\t<\/script>\n\t\t\t\t\t<\/div>\n\n\t\t\t\t\t\t<\/div>\n\t\t\t\t<\/div>\n\t\t\t\t\t<\/div>\n\t\t<\/div>\n\t\t\t\t\t<\/div>\n\t\t<\/section>\n\t\t\t\t<\/div>\n\t\t","protected":false},"excerpt":{"rendered":"<p>Att k\u00f6pa bostad Vad ska vi v\u00e4lja? Att byta bostad inneb\u00e4r m\u00e5nga funderingar och beslut. Hur och var vill du bo och till vilket pris. Det viktiga \u00e4r att du tar dig tid och funderar p\u00e5 vad som passar dig b\u00e4st. En kombination av k\u00e4nsla och f\u00f6rnuft \u00e4r ofta en bra utg\u00e5ngspunkt f\u00f6r ett beslut. [&hellip;]<\/p>\n","protected":false},"author":1,"featured_media":0,"parent":0,"menu_order":0,"comment_status":"closed","ping_status":"closed","template":"","meta":{"site-sidebar-layout":"no-sidebar","site-content-layout":"page-builder","ast-site-content-layout":"default","site-content-style":"default","site-sidebar-style":"default","ast-global-header-display":"","ast-banner-title-visibility":"","ast-main-header-display":"","ast-hfb-above-header-display":"","ast-hfb-below-header-display":"","ast-hfb-mobile-header-display":"","site-post-title":"disabled","ast-breadcrumbs-content":"","ast-featured-img":"disabled","footer-sml-layout":"","ast-disable-related-posts":"","theme-transparent-header-meta":"default","adv-header-id-meta":"","stick-header-meta":"default","header-above-stick-meta":"","header-main-stick-meta":"","header-below-stick-meta":"","astra-migrate-meta-layouts":"default","ast-page-background-enabled":"default","ast-page-background-meta":{"desktop":{"background-color":"","background-image":"","background-repeat":"repeat","background-position":"center center","background-size":"auto","background-attachment":"scroll","background-type":"","background-media":"","overlay-type":"","overlay-color":"","overlay-opacity":"","overlay-gradient":""},"tablet":{"background-color":"","background-image":"","background-repeat":"repeat","background-position":"center center","background-size":"auto","background-attachment":"scroll","background-type":"","background-media":"","overlay-type":"","overlay-color":"","overlay-opacity":"","overlay-gradient":""},"mobile":{"background-color":"","background-image":"","background-repeat":"repeat","background-position":"center center","background-size":"auto","background-attachment":"scroll","background-type":"","background-media":"","overlay-type":"","overlay-color":"","overlay-opacity":"","overlay-gradient":""}},"ast-content-background-meta":{"desktop":{"background-color":"var(--ast-global-color-5)","background-image":"","background-repeat":"repeat","background-position":"center center","background-size":"auto","background-attachment":"scroll","background-type":"","background-media":"","overlay-type":"","overlay-color":"","overlay-opacity":"","overlay-gradient":""},"tablet":{"background-color":"var(--ast-global-color-5)","background-image":"","background-repeat":"repeat","background-position":"center center","background-size":"auto","background-attachment":"scroll","background-type":"","background-media":"","overlay-type":"","overlay-color":"","overlay-opacity":"","overlay-gradient":""},"mobile":{"background-color":"var(--ast-global-color-5)","background-image":"","background-repeat":"repeat","background-position":"center center","background-size":"auto","background-attachment":"scroll","background-type":"","background-media":"","overlay-type":"","overlay-color":"","overlay-opacity":"","overlay-gradient":""}},"footnotes":""},"class_list":["post-640","page","type-page","status-publish","hentry"],"_links":{"self":[{"href":"https:\/\/dinmaklare.net\/en_us\/wp-json\/wp\/v2\/pages\/640","targetHints":{"allow":["GET"]}}],"collection":[{"href":"https:\/\/dinmaklare.net\/en_us\/wp-json\/wp\/v2\/pages"}],"about":[{"href":"https:\/\/dinmaklare.net\/en_us\/wp-json\/wp\/v2\/types\/page"}],"author":[{"embeddable":true,"href":"https:\/\/dinmaklare.net\/en_us\/wp-json\/wp\/v2\/users\/1"}],"replies":[{"embeddable":true,"href":"https:\/\/dinmaklare.net\/en_us\/wp-json\/wp\/v2\/comments?post=640"}],"version-history":[{"count":5,"href":"https:\/\/dinmaklare.net\/en_us\/wp-json\/wp\/v2\/pages\/640\/revisions"}],"predecessor-version":[{"id":1483,"href":"https:\/\/dinmaklare.net\/en_us\/wp-json\/wp\/v2\/pages\/640\/revisions\/1483"}],"wp:attachment":[{"href":"https:\/\/dinmaklare.net\/en_us\/wp-json\/wp\/v2\/media?parent=640"}],"curies":[{"name":"wp","href":"https:\/\/api.w.org\/{rel}","templated":true}]}}