{"id":638,"date":"2023-06-12T05:16:29","date_gmt":"2023-06-12T03:16:29","guid":{"rendered":"https:\/\/dinmaklare.net\/?page_id=638"},"modified":"2023-09-28T20:36:04","modified_gmt":"2023-09-28T18:36:04","slug":"snart-dags","status":"publish","type":"page","link":"https:\/\/dinmaklare.net\/en_us\/snart-dags\/","title":{"rendered":"Snart dags?"},"content":{"rendered":"\t\t<div data-elementor-type=\"wp-page\" data-elementor-id=\"638\" class=\"elementor elementor-638\" data-elementor-post-type=\"page\">\n\t\t\t\t\t\t<section class=\"elementor-section elementor-top-section elementor-element elementor-element-e842a92 elementor-section-height-min-height elementor-section-boxed elementor-section-height-default elementor-section-items-middle\" data-id=\"e842a92\" data-element_type=\"section\" data-e-type=\"section\" data-settings=\"{&quot;background_background&quot;:&quot;classic&quot;,&quot;jet_parallax_layout_list&quot;:[]}\">\n\t\t\t\t\t\t\t<div class=\"elementor-background-overlay\"><\/div>\n\t\t\t\t\t\t\t<div class=\"elementor-container elementor-column-gap-default\">\n\t\t\t\t\t<div class=\"elementor-column elementor-col-100 elementor-top-column elementor-element elementor-element-d8fcce6\" data-id=\"d8fcce6\" data-element_type=\"column\" data-e-type=\"column\">\n\t\t\t<div class=\"elementor-widget-wrap elementor-element-populated\">\n\t\t\t\t\t\t<div class=\"elementor-element elementor-element-7fb4689 elementor-widget elementor-widget-heading\" data-id=\"7fb4689\" data-element_type=\"widget\" data-e-type=\"widget\" data-widget_type=\"heading.default\">\n\t\t\t\t<div class=\"elementor-widget-container\">\n\t\t\t\t\t<h2 class=\"elementor-heading-title elementor-size-default\">Snart dags?<\/h2>\t\t\t\t<\/div>\n\t\t\t\t<\/div>\n\t\t\t\t\t<\/div>\n\t\t<\/div>\n\t\t\t\t\t<\/div>\n\t\t<\/section>\n\t\t\t\t<section class=\"elementor-section elementor-top-section elementor-element elementor-element-4f2a611 elementor-section-boxed elementor-section-height-default elementor-section-height-default\" data-id=\"4f2a611\" data-element_type=\"section\" data-e-type=\"section\" data-settings=\"{&quot;jet_parallax_layout_list&quot;:[]}\">\n\t\t\t\t\t\t<div class=\"elementor-container elementor-column-gap-default\">\n\t\t\t\t\t<div class=\"elementor-column elementor-col-100 elementor-top-column elementor-element elementor-element-e6ce058\" data-id=\"e6ce058\" data-element_type=\"column\" data-e-type=\"column\">\n\t\t\t<div class=\"elementor-widget-wrap elementor-element-populated\">\n\t\t\t\t\t\t<div class=\"elementor-element elementor-element-2bbc5e0 uael-howto-image-align-right elementor-widget elementor-widget-uael-how-to\" data-id=\"2bbc5e0\" data-element_type=\"widget\" data-e-type=\"widget\" data-widget_type=\"uael-how-to.default\">\n\t\t\t\t<div class=\"elementor-widget-container\">\n\t\t\t\t\t\n\t\t<div class=\"uael-howto-wrapper\">\n\t\t\t<div class=\"uael-howto-title\">\n\t\t\t\t<h3 class=\"uael-howto-title-text\">Snart dags?<\/h3>\t\t\t<\/div>\n\t\t\t<div class=\"uael-howto-description\">\n\t\t\t\t<span class=\"uael-howto-desc-text\"><\/span>\n\t\t\t<\/div>\n\t\t\t\t\t\t\t\t\t\t\t\t\t\t\t<div class=\"uael-howto-steps\">\n\t\t\t\t<h4 class=\"uael-howto-steps-text\"><\/h4>\n\t\t\t\t<div class=\"uael-howto-steps-wrapper\">\n\t\t\t\t\t\t\t\t\t\t\t\t\t\t\t\t\t<div class=\"uael-howto-step-item uael-step-0 \">\n\n\t\t\t\t\t\t\t<div class=\"uael-howto-step-item-wrap\">\n\t\t\t\t\t\t\t\t<div class=\"uael-howto-steps-title\">\n\t\t\t\t\t\t\t\t\t\t\t\t\t\t\t\t\t\t\t<span><\/span>\n\t\t\t\t\t\t\t\t\t\t\t\t\t\t\t\t\t<\/div>\n\t\t\t\t\t\t\t\t<div class=\"uael-howto-steps-desc\"><span>\nHar du snuddat vid tanken att byta bostad, men vet inte riktigt n\u00e4r eller hur? I s\u00e5 fall tycker jag du ska ta kontakt med mig. D\u00e5 kan vi i lugn och ro g\u00e5 igenom vad som g\u00e4ller vid en f\u00f6rs\u00e4ljning och du \u00e4r f\u00f6rberedd och kan f\u00e5 ut ett bra pris den dag du best\u00e4mmer dig f\u00f6r att s\u00e4lja.<br><br>\nB\u00e5de du\/ni och jag \u00e4r startklara n\u00e4r den dagen kommer. Tj\u00e4nsten jag erbjuder \u00e4r gratis och har m\u00e5nga f\u00f6rdelar. Jag har er i bakhuvudet, kan min marknad och har f\u00f6rdelen att ha er \u201dp\u00e5 lut\u201d om en f\u00f6rfr\u00e5gan kommer om liknande boende och vi kan komma ig\u00e5ng med f\u00f6rs\u00e4ljning.\nJag hj\u00e4lper dig g\u00e4rna. <br><br>\nKontakta mig redan idag genom att fylla i formul\u00e4ret nedan.<\/span><\/div>\n\t\t\t\t\t\t\t<\/div>\n\t\t\t\t\t\t\t\t\t\t\t\t\t<\/div>\n\t\t\t\t\t\t\t\t\t\t\t\t\t\t\t\t\t<div class=\"uael-howto-step-item uael-step-1 \">\n\n\t\t\t\t\t\t\t<div class=\"uael-howto-step-item-wrap\">\n\t\t\t\t\t\t\t\t<div class=\"uael-howto-steps-title\">\n\t\t\t\t\t\t\t\t\t\t\t\t\t\t\t\t\t\t\t<span>1. V\u00e4rdering<\/span>\n\t\t\t\t\t\t\t\t\t\t\t\t\t\t\t\t\t<\/div>\n\t\t\t\t\t\t\t\t<div class=\"uael-howto-steps-desc\"><span>Jag kommer hem och g\u00f6r en v\u00e4rdering av er bostad. Jag ger er ocks\u00e5 lite tips kring eventuella f\u00f6r\u00e4ndringar eller sm\u00e5 renoveringar som kan \u00f6ka v\u00e4rdet p\u00e5 er bostad.<\/span><\/div>\n\t\t\t\t\t\t\t<\/div>\n\t\t\t\t\t\t\t\t\t\t\t\t\t<\/div>\n\t\t\t\t\t\t\t\t\t\t\t\t\t\t\t\t\t<div class=\"uael-howto-step-item uael-step-2 \">\n\n\t\t\t\t\t\t\t<div class=\"uael-howto-step-item-wrap\">\n\t\t\t\t\t\t\t\t<div class=\"uael-howto-steps-title\">\n\t\t\t\t\t\t\t\t\t\t\t\t\t\t\t\t\t\t\t<span>2. Bostadsbeskrivning<\/span>\n\t\t\t\t\t\t\t\t\t\t\t\t\t\t\t\t\t<\/div>\n\t\t\t\t\t\t\t\t<div class=\"uael-howto-steps-desc\"><span>I lugn och ro g\u00e5r vi tillsammans igenom bostaden. Jag vill veta allt! Genomf\u00f6rda renoveringar, f\u00f6rdelarna med just ert omr\u00e5de, hur \u00e4r den lokala matbutiken? Skola, fritidsaktiviteter mm. Med detta som underlag skriver jag en objektbeskrivning som ni f\u00e5r ta del av och godk\u00e4nna. N\u00e4r ni sedan k\u00e4nner er redo finns all information klar. Nu \u00e4r er bostad redo n\u00e4r det \u00e4r dags! <\/span><\/div>\n\t\t\t\t\t\t\t<\/div>\n\t\t\t\t\t\t\t\t\t\t\t\t\t<\/div>\n\t\t\t\t\t\t\t\t\t\t\t\t\t\t\t\t\t<div class=\"uael-howto-step-item uael-step-3 \">\n\n\t\t\t\t\t\t\t<div class=\"uael-howto-step-item-wrap\">\n\t\t\t\t\t\t\t\t<div class=\"uael-howto-steps-title\">\n\t\t\t\t\t\t\t\t\t\t\t\t\t\t\t\t\t\t\t<span>3. Marknaden<\/span>\n\t\t\t\t\t\t\t\t\t\t\t\t\t\t\t\t\t<\/div>\n\t\t\t\t\t\t\t\t<div class=\"uael-howto-steps-desc\"><span>Jag har ett spekulantregister. D\u00e4r kan jag avl\u00e4sa intresset av er bostad och om n\u00e5gon kund s\u00f6kt bostad n\u00e4ra dina kvarter.<\/span><\/div>\n\t\t\t\t\t\t\t<\/div>\n\t\t\t\t\t\t\t\t\t\t\t\t\t<\/div>\n\t\t\t\t\t\t\t\t\t\t\t\t\t\t\t\t\t<div class=\"uael-howto-step-item uael-step-4 \">\n\n\t\t\t\t\t\t\t<div class=\"uael-howto-step-item-wrap\">\n\t\t\t\t\t\t\t\t<div class=\"uael-howto-steps-title\">\n\t\t\t\t\t\t\t\t\t\t\t\t\t\t\t\t\t\t\t<span>4. Marknadsf\u00f6ring<\/span>\n\t\t\t\t\t\t\t\t\t\t\t\t\t\t\t\t\t<\/div>\n\t\t\t\t\t\t\t\t<div class=\"uael-howto-steps-desc\"><span>Om det snart \u00e4r dags snart s\u00e5 kommer jag att l\u00e4gga ut er bostad kostnadsfritt p\u00e5 min hemsida. Det ger mig m\u00f6jligheten att f\u00e5 kontakt med potentiella k\u00f6pare och kan enkelt \u00e5terkoppla till dem n\u00e4r f\u00f6rs\u00e4ljningen startar. Under tiden s\u00e5 ger jag g\u00e4rna goda r\u00e5d och tips.  N\u00e4r vi g\u00f6r detta best\u00e4mmer du. <\/span><\/div>\n\t\t\t\t\t\t\t<\/div>\n\t\t\t\t\t\t\t\t\t\t\t\t\t<\/div>\n\t\t\t\t\t\t\t\t\t\t\t\t\t\t\t\t\t<div class=\"uael-howto-step-item uael-step-5 \">\n\n\t\t\t\t\t\t\t<div class=\"uael-howto-step-item-wrap\">\n\t\t\t\t\t\t\t\t<div class=\"uael-howto-steps-title\">\n\t\t\t\t\t\t\t\t\t\t\t\t\t\t\t\t\t\t\t<span>5. F\u00e4rdig att s\u00e4lja?<\/span>\n\t\t\t\t\t\t\t\t\t\t\t\t\t\t\t\t\t<\/div>\n\t\t\t\t\t\t\t\t<div class=\"uael-howto-steps-desc\"><span>N\u00e4r det har g\u00e5tt en tid och ni best\u00e4mt er f\u00f6r att s\u00e4lja s\u00e5 g\u00f6r vi tillsammans de sista justeringarna innan jag l\u00e4gger ut er bostad som \u201dTill salu\u201d. <br>\nNu marknadsf\u00f6rs bostaden efter vad vi kommit \u00f6verens om och jag kan b\u00f6rja ta kontakt \u00e4ven med de spekulanter som h\u00f6rt av sig. \nNu tecknar vi ett f\u00f6rmedlingsuppdrag s\u00e5 att jag kan b\u00f6rja arbeta med er f\u00f6rs\u00e4ljning.\n<\/span><\/div>\n\t\t\t\t\t\t\t<\/div>\n\t\t\t\t\t\t\t\t\t\t\t\t\t<\/div>\n\t\t\t\t\t\t\t\t\t<\/div>\n\t\t\t<\/div>\n\t\t\t\t\t\t<script type=\"application\/ld+json\">\n\t\t\t\t{\n\t\t\t\t\"@context\": \"http:\/\/schema.org\",\n\t\t\t\t\"@type\": \"HowTo\",\n\t\t\t\t\"name\": \"Snart dags?\",\n\t\t\t\t\"description\": \"\",\n\t\t\t\t\t\t\t\t\t\t\t\t\t\t\t\t\t\t\t\t\t\t\t\t\"step\":\n\t\t\t\t\t[{\"@type\":\"HowToStep\",\"url\":\"https:\\\/\\\/dinmaklare.net\\\/en_us\\\/snart-dags\\\/\",\"name\":\"\",\"text\":\"\\nHar du snuddat vid tanken att byta bostad, men vet inte riktigt n\\u00e4r eller hur? I s\\u00e5 fall tycker jag du ska ta kontakt med mig. D\\u00e5 kan vi i lugn och ro g\\u00e5 igenom vad som g\\u00e4ller vid en f\\u00f6rs\\u00e4ljning och du \\u00e4r f\\u00f6rberedd och kan f\\u00e5 ut ett bra pris den dag du best\\u00e4mmer dig f\\u00f6r att s\\u00e4lja.<br><br>\\nB\\u00e5de du\\\/ni och jag \\u00e4r startklara n\\u00e4r den dagen kommer. Tj\\u00e4nsten jag erbjuder \\u00e4r gratis och har m\\u00e5nga f\\u00f6rdelar. Jag har er i bakhuvudet, kan min marknad och har f\\u00f6rdelen att ha er \\u201dp\\u00e5 lut\\u201d om en f\\u00f6rfr\\u00e5gan kommer om liknande boende och vi kan komma ig\\u00e5ng med f\\u00f6rs\\u00e4ljning.\\nJag hj\\u00e4lper dig g\\u00e4rna. <br><br>\\nKontakta mig redan idag genom att fylla i formul\\u00e4ret nedan.\",\"image\":\"\"},{\"@type\":\"HowToStep\",\"url\":\"https:\\\/\\\/dinmaklare.net\\\/en_us\\\/snart-dags\\\/\",\"name\":\"1. V\\u00e4rdering\",\"text\":\"Jag kommer hem och g\\u00f6r en v\\u00e4rdering av er bostad. Jag ger er ocks\\u00e5 lite tips kring eventuella f\\u00f6r\\u00e4ndringar eller sm\\u00e5 renoveringar som kan \\u00f6ka v\\u00e4rdet p\\u00e5 er bostad.\",\"image\":\"\"},{\"@type\":\"HowToStep\",\"url\":\"https:\\\/\\\/dinmaklare.net\\\/en_us\\\/snart-dags\\\/\",\"name\":\"2. Bostadsbeskrivning\",\"text\":\"I lugn och ro g\\u00e5r vi tillsammans igenom bostaden. Jag vill veta allt! Genomf\\u00f6rda renoveringar, f\\u00f6rdelarna med just ert omr\\u00e5de, hur \\u00e4r den lokala matbutiken? Skola, fritidsaktiviteter mm. Med detta som underlag skriver jag en objektbeskrivning som ni f\\u00e5r ta del av och godk\\u00e4nna. N\\u00e4r ni sedan k\\u00e4nner er redo finns all information klar. Nu \\u00e4r er bostad redo n\\u00e4r det \\u00e4r dags! \",\"image\":\"\"},{\"@type\":\"HowToStep\",\"url\":\"https:\\\/\\\/dinmaklare.net\\\/en_us\\\/snart-dags\\\/\",\"name\":\"3. Marknaden\",\"text\":\"Jag har ett spekulantregister. D\\u00e4r kan jag avl\\u00e4sa intresset av er bostad och om n\\u00e5gon kund s\\u00f6kt bostad n\\u00e4ra dina kvarter.\",\"image\":\"\"},{\"@type\":\"HowToStep\",\"url\":\"https:\\\/\\\/dinmaklare.net\\\/en_us\\\/snart-dags\\\/\",\"name\":\"4. Marknadsf\\u00f6ring\",\"text\":\"Om det snart \\u00e4r dags snart s\\u00e5 kommer jag att l\\u00e4gga ut er bostad kostnadsfritt p\\u00e5 min hemsida. Det ger mig m\\u00f6jligheten att f\\u00e5 kontakt med potentiella k\\u00f6pare och kan enkelt \\u00e5terkoppla till dem n\\u00e4r f\\u00f6rs\\u00e4ljningen startar. Under tiden s\\u00e5 ger jag g\\u00e4rna goda r\\u00e5d och tips.  N\\u00e4r vi g\\u00f6r detta best\\u00e4mmer du. \",\"image\":\"\"},{\"@type\":\"HowToStep\",\"url\":\"https:\\\/\\\/dinmaklare.net\\\/en_us\\\/snart-dags\\\/\",\"name\":\"5. F\\u00e4rdig att s\\u00e4lja?\",\"text\":\"N\\u00e4r det har g\\u00e5tt en tid och ni best\\u00e4mt er f\\u00f6r att s\\u00e4lja s\\u00e5 g\\u00f6r vi tillsammans de sista justeringarna innan jag l\\u00e4gger ut er bostad som \\u201dTill salu\\u201d. <br>\\nNu marknadsf\\u00f6rs bostaden efter vad vi kommit \\u00f6verens om och jag kan b\\u00f6rja ta kontakt \\u00e4ven med de spekulanter som h\\u00f6rt av sig. \\nNu tecknar vi ett f\\u00f6rmedlingsuppdrag s\\u00e5 att jag kan b\\u00f6rja arbeta med er f\\u00f6rs\\u00e4ljning.\\n\",\"image\":\"\"}]\t\t\t\t\n\t\t\t\t\n\n\t\t\t}\n\t\t\t<\/script>\n\t\t\t\t\t<\/div>\n\n\t\t\t\t\t\t<\/div>\n\t\t\t\t<\/div>\n\t\t\t\t\t<\/div>\n\t\t<\/div>\n\t\t\t\t\t<\/div>\n\t\t<\/section>\n\t\t\t\t<\/div>\n\t\t","protected":false},"excerpt":{"rendered":"<p>Har du snuddat vid tanken att byta bostad, men vet inte riktigt n\u00e4r eller hur? I s\u00e5 fall tycker jag du ska ta kontakt med mig. D\u00e5 kan vi i lugn och ro g\u00e5 igenom vad som g\u00e4ller vid en f\u00f6rs\u00e4ljning och du \u00e4r f\u00f6rberedd och kan f\u00e5 ut ett bra pris den dag du [&hellip;]<\/p>\n","protected":false},"author":1,"featured_media":696,"parent":0,"menu_order":0,"comment_status":"closed","ping_status":"closed","template":"","meta":{"site-sidebar-layout":"no-sidebar","site-content-layout":"page-builder","ast-site-content-layout":"default","site-content-style":"default","site-sidebar-style":"default","ast-global-header-display":"","ast-banner-title-visibility":"","ast-main-header-display":"","ast-hfb-above-header-display":"","ast-hfb-below-header-display":"","ast-hfb-mobile-header-display":"","site-post-title":"disabled","ast-breadcrumbs-content":"","ast-featured-img":"disabled","footer-sml-layout":"","ast-disable-related-posts":"","theme-transparent-header-meta":"default","adv-header-id-meta":"","stick-header-meta":"default","header-above-stick-meta":"","header-main-stick-meta":"","header-below-stick-meta":"","astra-migrate-meta-layouts":"default","ast-page-background-enabled":"default","ast-page-background-meta":{"desktop":{"background-color":"","background-image":"","background-repeat":"repeat","background-position":"center center","background-size":"auto","background-attachment":"scroll","background-type":"","background-media":"","overlay-type":"","overlay-color":"","overlay-opacity":"","overlay-gradient":""},"tablet":{"background-color":"","background-image":"","background-repeat":"repeat","background-position":"center center","background-size":"auto","background-attachment":"scroll","background-type":"","background-media":"","overlay-type":"","overlay-color":"","overlay-opacity":"","overlay-gradient":""},"mobile":{"background-color":"","background-image":"","background-repeat":"repeat","background-position":"center center","background-size":"auto","background-attachment":"scroll","background-type":"","background-media":"","overlay-type":"","overlay-color":"","overlay-opacity":"","overlay-gradient":""}},"ast-content-background-meta":{"desktop":{"background-color":"var(--ast-global-color-5)","background-image":"","background-repeat":"repeat","background-position":"center center","background-size":"auto","background-attachment":"scroll","background-type":"","background-media":"","overlay-type":"","overlay-color":"","overlay-opacity":"","overlay-gradient":""},"tablet":{"background-color":"var(--ast-global-color-5)","background-image":"","background-repeat":"repeat","background-position":"center center","background-size":"auto","background-attachment":"scroll","background-type":"","background-media":"","overlay-type":"","overlay-color":"","overlay-opacity":"","overlay-gradient":""},"mobile":{"background-color":"var(--ast-global-color-5)","background-image":"","background-repeat":"repeat","background-position":"center center","background-size":"auto","background-attachment":"scroll","background-type":"","background-media":"","overlay-type":"","overlay-color":"","overlay-opacity":"","overlay-gradient":""}},"footnotes":""},"class_list":["post-638","page","type-page","status-publish","has-post-thumbnail","hentry"],"_links":{"self":[{"href":"https:\/\/dinmaklare.net\/en_us\/wp-json\/wp\/v2\/pages\/638","targetHints":{"allow":["GET"]}}],"collection":[{"href":"https:\/\/dinmaklare.net\/en_us\/wp-json\/wp\/v2\/pages"}],"about":[{"href":"https:\/\/dinmaklare.net\/en_us\/wp-json\/wp\/v2\/types\/page"}],"author":[{"embeddable":true,"href":"https:\/\/dinmaklare.net\/en_us\/wp-json\/wp\/v2\/users\/1"}],"replies":[{"embeddable":true,"href":"https:\/\/dinmaklare.net\/en_us\/wp-json\/wp\/v2\/comments?post=638"}],"version-history":[{"count":5,"href":"https:\/\/dinmaklare.net\/en_us\/wp-json\/wp\/v2\/pages\/638\/revisions"}],"predecessor-version":[{"id":1447,"href":"https:\/\/dinmaklare.net\/en_us\/wp-json\/wp\/v2\/pages\/638\/revisions\/1447"}],"wp:featuredmedia":[{"embeddable":true,"href":"https:\/\/dinmaklare.net\/en_us\/wp-json\/wp\/v2\/media\/696"}],"wp:attachment":[{"href":"https:\/\/dinmaklare.net\/en_us\/wp-json\/wp\/v2\/media?parent=638"}],"curies":[{"name":"wp","href":"https:\/\/api.w.org\/{rel}","templated":true}]}}