{"id":1238,"date":"2023-09-08T13:00:24","date_gmt":"2023-09-08T11:00:24","guid":{"rendered":"https:\/\/dinmaklare.net\/?page_id=1238"},"modified":"2023-09-27T12:21:26","modified_gmt":"2023-09-27T10:21:26","slug":"om-mig","status":"publish","type":"page","link":"https:\/\/dinmaklare.net\/en_us\/om-mig\/","title":{"rendered":"Om mig"},"content":{"rendered":"<div data-elementor-type=\"wp-page\" data-elementor-id=\"1238\" class=\"elementor elementor-1238\" data-elementor-post-type=\"page\">\n\t\t\t\t\t\t<section class=\"elementor-section elementor-top-section elementor-element elementor-element-123cc7db elementor-section-height-min-height elementor-section-boxed elementor-section-height-default elementor-section-items-middle elementor-invisible\" data-id=\"123cc7db\" data-element_type=\"section\" data-e-type=\"section\" data-settings=\"{&quot;background_background&quot;:&quot;classic&quot;,&quot;animation&quot;:&quot;fadeIn&quot;,&quot;jet_parallax_layout_list&quot;:[]}\">\n\t\t\t\t\t\t<div class=\"elementor-container elementor-column-gap-default\">\n\t\t\t\t\t<div class=\"elementor-column elementor-col-100 elementor-top-column elementor-element elementor-element-17f34643\" data-id=\"17f34643\" data-element_type=\"column\" data-e-type=\"column\">\n\t\t\t<div class=\"elementor-widget-wrap elementor-element-populated\">\n\t\t\t\t\t\t<div class=\"elementor-element elementor-element-6b112cc elementor-widget elementor-widget-heading\" data-id=\"6b112cc\" data-element_type=\"widget\" data-e-type=\"widget\" data-widget_type=\"heading.default\">\n\t\t\t\t<div class=\"elementor-widget-container\">\n\t\t\t\t\t<h1 class=\"elementor-heading-title elementor-size-default\">Om mig<\/h1>\t\t\t\t<\/div>\n\t\t\t\t<\/div>\n\t\t\t\t\t<\/div>\n\t\t<\/div>\n\t\t\t\t\t<\/div>\n\t\t<\/section>\n\t\t\t\t<section class=\"elementor-section elementor-top-section elementor-element elementor-element-63157bc6 elementor-section-boxed elementor-section-height-default elementor-section-height-default\" data-id=\"63157bc6\" data-element_type=\"section\" data-e-type=\"section\" data-settings=\"{&quot;jet_parallax_layout_list&quot;:[]}\">\n\t\t\t\t\t\t<div class=\"elementor-container elementor-column-gap-default\">\n\t\t\t\t\t<div class=\"elementor-column elementor-col-100 elementor-top-column elementor-element elementor-element-7ce91c60\" data-id=\"7ce91c60\" data-element_type=\"column\" data-e-type=\"column\">\n\t\t\t<div class=\"elementor-widget-wrap elementor-element-populated\">\n\t\t\t\t\t\t<div class=\"elementor-element elementor-element-0dde0f2 elementor-widget elementor-widget-heading\" data-id=\"0dde0f2\" data-element_type=\"widget\" data-e-type=\"widget\" data-widget_type=\"heading.default\">\n\t\t\t\t<div class=\"elementor-widget-container\">\n\t\t\t\t\t<h2 class=\"elementor-heading-title elementor-size-default\">Om mig<\/h2>\t\t\t\t<\/div>\n\t\t\t\t<\/div>\n\t\t\t\t<div class=\"elementor-element elementor-element-cd95eec elementor-widget elementor-widget-text-editor\" data-id=\"cd95eec\" data-element_type=\"widget\" data-e-type=\"widget\" data-widget_type=\"text-editor.default\">\n\t\t\t\t<div class=\"elementor-widget-container\">\n\t\t\t\t\t\t\t\t\t<p>Jag \u00e4r \u00f6vertygad om att om man bor och verkar i kommunen s\u00e5 kan man den b\u00e4st. Att anlita en lokal m\u00e4klare blir en trygghet f\u00f6r dig och en bra f\u00f6ruts\u00e4ttning f\u00f6r en lyckad bostadsaff\u00e4r! Jag har bott h\u00e4r hela mitt liv och kan den h\u00e4r kommunen.<br \/>H\u00e4r har jag med stort engagemang verkat som bankman, ekonom, egenf\u00f6retagare, projektledare, kvalitetsutvecklare och fastighetsm\u00e4klare.<br \/>Ledstj\u00e4rnor f\u00f6r mig har alltid varit kvalitet, kunskap, engagemang, service och med kunden i centrum.<br \/>Under 2004-12 byggde jag upp fastighetsmarknaden h\u00e4r med stabilitet i h\u00f6jda prisniv\u00e5er. Efter en paus tar jag mig \u00e5terigen an yrket &#8211; Jag kan inte l\u00e5ta bli!<br \/>Att f\u00e5 m\u00f6ta m\u00e4nniskor och f\u00e5 m\u00f6jlighet att f\u00f6rverkliga deras bostadsdr\u00f6mmar \u00e4r en stark drivkraft!<br \/>Jag hoppas jag f\u00e5r bli Din M\u00e4klare s\u00e5 ska jag hj\u00e4lpa dig att hitta hem!<\/p><p><br \/>Eva St\u00e5hlgren<br \/>Fastighetsm\u00e4klare<\/p><p>0733 66 77 60<br \/><a href=\"mailto:eva@dinmaklare.net\">eva@dinmaklare.net<\/a><\/p>\t\t\t\t\t\t\t\t<\/div>\n\t\t\t\t<\/div>\n\t\t\t\t\t<\/div>\n\t\t<\/div>\n\t\t\t\t\t<\/div>\n\t\t<\/section>\n\t\t\t\t<\/div>","protected":false},"excerpt":{"rendered":"<p>Om mig Jag \u00e4r \u00f6vertygad om att om man bor och verkar i kommunen s\u00e5 kan man den b\u00e4st. Att anlita en lokal m\u00e4klare blir en trygghet f\u00f6r dig och en bra f\u00f6ruts\u00e4ttning f\u00f6r en lyckad bostadsaff\u00e4r! Jag har bott h\u00e4r hela mitt liv och kan den h\u00e4r kommunen.H\u00e4r har jag med stort engagemang verkat [&hellip;]<\/p>\n","protected":false},"author":1,"featured_media":0,"parent":0,"menu_order":0,"comment_status":"closed","ping_status":"closed","template":"","meta":{"site-sidebar-layout":"no-sidebar","site-content-layout":"page-builder","ast-site-content-layout":"full-width-container","site-content-style":"default","site-sidebar-style":"default","ast-global-header-display":"","ast-banner-title-visibility":"","ast-main-header-display":"","ast-hfb-above-header-display":"","ast-hfb-below-header-display":"","ast-hfb-mobile-header-display":"","site-post-title":"disabled","ast-breadcrumbs-content":"","ast-featured-img":"disabled","footer-sml-layout":"","ast-disable-related-posts":"","theme-transparent-header-meta":"default","adv-header-id-meta":"","stick-header-meta":"default","header-above-stick-meta":"","header-main-stick-meta":"","header-below-stick-meta":"","astra-migrate-meta-layouts":"set","ast-page-background-enabled":"default","ast-page-background-meta":{"desktop":{"background-color":"","background-image":"","background-repeat":"repeat","background-position":"center center","background-size":"auto","background-attachment":"scroll","background-type":"","background-media":"","overlay-type":"","overlay-color":"","overlay-opacity":"","overlay-gradient":""},"tablet":{"background-color":"","background-image":"","background-repeat":"repeat","background-position":"center center","background-size":"auto","background-attachment":"scroll","background-type":"","background-media":"","overlay-type":"","overlay-color":"","overlay-opacity":"","overlay-gradient":""},"mobile":{"background-color":"","background-image":"","background-repeat":"repeat","background-position":"center center","background-size":"auto","background-attachment":"scroll","background-type":"","background-media":"","overlay-type":"","overlay-color":"","overlay-opacity":"","overlay-gradient":""}},"ast-content-background-meta":{"desktop":{"background-color":"var(--ast-global-color-5)","background-image":"","background-repeat":"repeat","background-position":"center center","background-size":"auto","background-attachment":"scroll","background-type":"","background-media":"","overlay-type":"","overlay-color":"","overlay-opacity":"","overlay-gradient":""},"tablet":{"background-color":"var(--ast-global-color-5)","background-image":"","background-repeat":"repeat","background-position":"center center","background-size":"auto","background-attachment":"scroll","background-type":"","background-media":"","overlay-type":"","overlay-color":"","overlay-opacity":"","overlay-gradient":""},"mobile":{"background-color":"var(--ast-global-color-5)","background-image":"","background-repeat":"repeat","background-position":"center center","background-size":"auto","background-attachment":"scroll","background-type":"","background-media":"","overlay-type":"","overlay-color":"","overlay-opacity":"","overlay-gradient":""}},"footnotes":""},"class_list":["post-1238","page","type-page","status-publish","hentry"],"_links":{"self":[{"href":"https:\/\/dinmaklare.net\/en_us\/wp-json\/wp\/v2\/pages\/1238","targetHints":{"allow":["GET"]}}],"collection":[{"href":"https:\/\/dinmaklare.net\/en_us\/wp-json\/wp\/v2\/pages"}],"about":[{"href":"https:\/\/dinmaklare.net\/en_us\/wp-json\/wp\/v2\/types\/page"}],"author":[{"embeddable":true,"href":"https:\/\/dinmaklare.net\/en_us\/wp-json\/wp\/v2\/users\/1"}],"replies":[{"embeddable":true,"href":"https:\/\/dinmaklare.net\/en_us\/wp-json\/wp\/v2\/comments?post=1238"}],"version-history":[{"count":5,"href":"https:\/\/dinmaklare.net\/en_us\/wp-json\/wp\/v2\/pages\/1238\/revisions"}],"predecessor-version":[{"id":1428,"href":"https:\/\/dinmaklare.net\/en_us\/wp-json\/wp\/v2\/pages\/1238\/revisions\/1428"}],"wp:attachment":[{"href":"https:\/\/dinmaklare.net\/en_us\/wp-json\/wp\/v2\/media?parent=1238"}],"curies":[{"name":"wp","href":"https:\/\/api.w.org\/{rel}","templated":true}]}}